{"id":82,"date":"2013-10-28T08:47:56","date_gmt":"2013-10-28T06:47:56","guid":{"rendered":"http:\/\/filmer.vernawahlshausen.de\/?page_id=82"},"modified":"2021-04-21T21:19:25","modified_gmt":"2021-04-21T19:19:25","slug":"service","status":"publish","type":"page","link":"https:\/\/wordpress.vernawahlshausen.de\/filmer\/service\/","title":{"rendered":"Unser Service"},"content":{"rendered":"<p><img loading=\"lazy\" decoding=\"async\" class=\"alignleft\" src=\"http:\/\/wordpress.vernawahlshausen.de\/filmer\/wp-content\/uploads\/sites\/3\/2013\/10\/Filmer-Service-117x300.jpg\" alt=\"Filmer Service\" width=\"117\" height=\"300\" \/><\/p>\n<p><span style=\"font-size: medium\"><strong><img decoding=\"async\" src=\"http:\/\/www.party-im-zelt.de\/img\/puzzle1.jpg\" alt=\"\" \/><\/strong><strong>\u00a0Planung &amp; Beratung\u00a0<\/strong><\/span><br \/>\n<span style=\"font-size: small\">Interessieren Sie sich f\u00fcr eines unserer Zelte, stehen wir selbstverst\u00e4ndlich mit kostenloser Beratung und individueller Planung vor Ort zur Verf\u00fcgung. Die Zelte sind variabel in ihren Aufbauten. \u00c4u\u00dfern Sie Ihre W\u00fcnsche,wir versuchen sie umzusetzen.<\/span><\/p>\n<p><span style=\"font-size: medium\"><strong><img decoding=\"async\" src=\"http:\/\/www.party-im-zelt.de\/img\/puzzle2.jpg\" alt=\"\" \/>\u00a0Standard- Ausstattung\u00a0<\/strong><\/span><br \/>\n<span style=\"font-size: small\">Der Auf- und Abbau der Zelte ist im Mietpreis inbegriffen. Eine Anlieferung und Abholung ist im Umkreis von 50 km kostenfrei.<\/span><\/p>\n<p><span style=\"font-size: small\"><span style=\"font-size: medium\"><strong><img decoding=\"async\" src=\"http:\/\/www.party-im-zelt.de\/img\/puzzle3.jpg\" alt=\"\" \/>\u00a0Zusatz- Ausstattung\u00a0<\/strong><\/span><br \/>\n<\/span><span style=\"font-size: small\">Es besteht die M\u00f6glichkeit das Zelt mit einer B\u00fchne zu best\u00fccken und Heizstrahler aufzustellen. Um Gem\u00fctlichkleit zu schaffen, <a href=\"https:\/\/e-passiongames.com\">online casino in australia<\/a> ist das Mobiliar bestehend aus Kunststoff-Stapelst\u00fchlen mit KIssen und runden Tischen wunderbar geeignet. Essgeschirr ist auf Anfrage vorhanden. Desweiteren verf\u00fcgen wir \u00fcber Getr\u00e4nkeausschankwagen, K\u00fchlanh\u00e4nger und Toilettenwagen.<\/span><\/p>\n<p><span style=\"font-size: small\"><span style=\"font-size: medium\"><strong><img decoding=\"async\" src=\"http:\/\/www.party-im-zelt.de\/img\/puzzle4.jpg\" alt=\"\" \/>\u00a0Dekoration &amp; Gestaltung\u00a0<\/strong><\/span><br \/>\n<\/span><span style=\"font-size: small\">Ein passendes Ambiente zu schaffen ist eine Herausforderung f\u00fcr unser Team. Auf Ihren Wunsch \u00fcbernehmen wir f\u00fcr Sie die Dekoration des Zeltes und der Tische. Dem Anlass entsprechend bringen wir eigene Ideen ein oder setzen Ihre Vorstellungen um.<\/span><\/p>\n<p><span style=\"font-size: small\"><span style=\"font-size: medium\"><strong><img decoding=\"async\" src=\"http:\/\/www.party-im-zelt.de\/img\/puzzle5.jpg\" alt=\"\" \/>\u00a0Bewirtung &amp; Bedienung\u00a0<\/strong><\/span><br \/>\n<\/span><span style=\"font-size: small\">Dem Zeltverleih ist ein Getr\u00e4nkehandel zugeh\u00f6rig.Dieser garantiert einen Getr\u00e4nkebezug auf Kommision und eine komplette Gl\u00e4serausstattung. Wir bieten Ihen ein breitgef\u00e4chertes Sortiment an Vielfalt und Qualit\u00e4t. Sollten Sie nicht \u00fcber eigene Bedienung verf\u00fcgen, sind wir in der Lage das Personal zu stellen.<\/span><\/p>\n<p><span style=\"font-size: small\"><span style=\"font-size: medium\"><strong><img decoding=\"async\" src=\"http:\/\/www.party-im-zelt.de\/img\/puzzle6.jpg\" alt=\"\" \/>\u00a0Partyservice &amp; Catering<\/strong><\/span><br \/>\n<\/span><span style=\"font-size: small\">In Zusammenarbeit mit einem ortsans\u00e4ssigen Fleischerfachgesch\u00e4ft kann ein Partyb\u00fcffet nach Ihren W\u00fcnschen geliefert werden. (siehe &#8222;Unsere Partner&#8220;) Bei Veranstaltungen in den Gro\u00dfzelten ist nat\u00fcrlich ein Catering auf Bestellung m\u00f6glich. Bitte informieren Sie sich.<\/span><\/p>\n<p><span style=\"font-size: small\"><span style=\"font-size: medium\"><strong><img decoding=\"async\" src=\"http:\/\/www.party-im-zelt.de\/img\/puzzle7.jpg\" alt=\"\" \/>\u00a0Spass &amp; Unterhaltung\u00a0<\/strong><\/span><br \/>\n<\/span><span style=\"font-size: small\">&#8230; mit einer anderen Gestaltung des Abends!? \u00dcberraschungen der &#8222;etwas anderen Art&#8220; lockern Ihre Feier auf. Erfreuen Sie sich an einer Gesangsdarbietung oder lassen Sie sich mit einer Tanzeinlage f\u00fcr Sie und Ihre G\u00e4ste \u00fcberraschen.<\/span><\/p>\n<p><span style=\"font-size: small\"><span style=\"font-size: medium\"><strong><img decoding=\"async\" src=\"http:\/\/www.party-im-zelt.de\/img\/puzzle8.jpg\" alt=\"\" \/>\u00a0Musik &amp; Technik\u00a0<\/strong><\/span><br \/>\n<\/span><span style=\"font-size: small\">Gerne vermitteln wir Ihnen den Kontakt zu einem Veranstaltungstechniker vor Ort, der bei kleinen und gro\u00dfen Zeltpartys f\u00fcr den musikalischen Rahmen sorgt.( siehe &#8222;Unsere Partner&#8220;) DJ`s, Kapellen oderauch nur der Aufbau technischer Anlagen, alles ist m\u00f6glich um den Hintergrund Ihrer Feier oder eines Events zu gestalten.<\/span><\/p>\n<p><span style=\"font-size: small\"><span style=\"font-size: medium\"><strong><img decoding=\"async\" src=\"http:\/\/www.party-im-zelt.de\/img\/puzzle9.jpg\" alt=\"\" \/>\u00a0Allgemeine Informationen\u00a0<\/strong><\/span><br \/>\n<\/span><span style=\"font-size: small\">Wir bitten unsere Kunden die gemieteten Zelte samt Zubeh\u00f6r in einem ordnungsgem\u00e4\u00dfen und unbesch\u00e4digten Zustand wieder abzugeben, andernfalls wird ein Schaden oder Verlust bzw. die Reinigung in Rechnung gestellt.<\/span><\/p>\n","protected":false},"excerpt":{"rendered":"<p>\u00a0Planung &amp; Beratung\u00a0 Interessieren Sie sich f\u00fcr eines unserer Zelte, stehen wir selbstverst\u00e4ndlich mit kostenloser Beratung und individueller Planung vor Ort zur Verf\u00fcgung. Die Zelte sind variabel in ihren Aufbauten.&hellip; <\/p>\n","protected":false},"author":2,"featured_media":0,"parent":0,"menu_order":0,"comment_status":"closed","ping_status":"open","template":"","meta":{"_crdt_document":"","ngg_post_thumbnail":0,"footnotes":""},"class_list":["post-82","page","type-page","status-publish","hentry"],"_links":{"self":[{"href":"https:\/\/wordpress.vernawahlshausen.de\/filmer\/wp-json\/wp\/v2\/pages\/82","targetHints":{"allow":["GET"]}}],"collection":[{"href":"https:\/\/wordpress.vernawahlshausen.de\/filmer\/wp-json\/wp\/v2\/pages"}],"about":[{"href":"https:\/\/wordpress.vernawahlshausen.de\/filmer\/wp-json\/wp\/v2\/types\/page"}],"author":[{"embeddable":true,"href":"https:\/\/wordpress.vernawahlshausen.de\/filmer\/wp-json\/wp\/v2\/users\/2"}],"replies":[{"embeddable":true,"href":"https:\/\/wordpress.vernawahlshausen.de\/filmer\/wp-json\/wp\/v2\/comments?post=82"}],"version-history":[{"count":6,"href":"https:\/\/wordpress.vernawahlshausen.de\/filmer\/wp-json\/wp\/v2\/pages\/82\/revisions"}],"predecessor-version":[{"id":790,"href":"https:\/\/wordpress.vernawahlshausen.de\/filmer\/wp-json\/wp\/v2\/pages\/82\/revisions\/790"}],"wp:attachment":[{"href":"https:\/\/wordpress.vernawahlshausen.de\/filmer\/wp-json\/wp\/v2\/media?parent=82"}],"curies":[{"name":"wp","href":"https:\/\/api.w.org\/{rel}","templated":true}]}}